{"id":5831,"date":"2024-01-22T15:14:52","date_gmt":"2024-01-22T15:14:52","guid":{"rendered":"https:\/\/www.isolmax.it\/area-produttiva\/"},"modified":"2025-08-08T06:49:13","modified_gmt":"2025-08-08T06:49:13","slug":"produktion","status":"publish","type":"page","link":"https:\/\/www.isolmax.it\/de\/produktion\/","title":{"rendered":"Produktion"},"content":{"rendered":"\t\t<div data-elementor-type=\"wp-post\" data-elementor-id=\"5831\" class=\"elementor elementor-5831 elementor-17\" data-elementor-post-type=\"page\">\n\t\t\t\t<div class=\"elementor-element elementor-element-0d676f9 e-con-full e-flex wpr-particle-no wpr-jarallax-no wpr-parallax-no wpr-sticky-section-no e-con e-parent\" data-id=\"0d676f9\" data-element_type=\"container\" data-settings=\"{&quot;background_background&quot;:&quot;classic&quot;,&quot;background_motion_fx_motion_fx_scrolling&quot;:&quot;yes&quot;,&quot;background_motion_fx_scale_effect&quot;:&quot;yes&quot;,&quot;background_motion_fx_scale_direction&quot;:&quot;out-in&quot;,&quot;background_motion_fx_scale_speed&quot;:{&quot;unit&quot;:&quot;px&quot;,&quot;size&quot;:4,&quot;sizes&quot;:[]},&quot;background_motion_fx_scale_range&quot;:{&quot;unit&quot;:&quot;%&quot;,&quot;size&quot;:&quot;&quot;,&quot;sizes&quot;:{&quot;start&quot;:20,&quot;end&quot;:80}},&quot;background_motion_fx_devices&quot;:[&quot;desktop&quot;,&quot;tablet&quot;,&quot;mobile&quot;]}\">\n\t\t<div class=\"elementor-element elementor-element-ab1546d e-flex e-con-boxed wpr-particle-no wpr-jarallax-no wpr-parallax-no wpr-sticky-section-no e-con e-child\" data-id=\"ab1546d\" data-element_type=\"container\">\n\t\t\t\t\t<div class=\"e-con-inner\">\n\t\t\t\t<div class=\"elementor-element elementor-element-7739dda elementor-icon-list--layout-inline elementor-align-left elementor-widget__width-initial breadcrumbs e-transform e-transform elementor-list-item-link-full_width elementor-invisible elementor-widget elementor-widget-icon-list\" data-id=\"7739dda\" data-element_type=\"widget\" data-settings=\"{&quot;_animation&quot;:&quot;fadeIn&quot;,&quot;_transform_rotateZ_effect&quot;:{&quot;unit&quot;:&quot;px&quot;,&quot;size&quot;:&quot;&quot;,&quot;sizes&quot;:[]},&quot;_transform_rotateZ_effect_tablet&quot;:{&quot;unit&quot;:&quot;deg&quot;,&quot;size&quot;:&quot;&quot;,&quot;sizes&quot;:[]},&quot;_transform_rotateZ_effect_mobile&quot;:{&quot;unit&quot;:&quot;deg&quot;,&quot;size&quot;:&quot;&quot;,&quot;sizes&quot;:[]},&quot;_transform_skewX_effect&quot;:{&quot;unit&quot;:&quot;px&quot;,&quot;size&quot;:&quot;&quot;,&quot;sizes&quot;:[]},&quot;_transform_skewX_effect_tablet&quot;:{&quot;unit&quot;:&quot;deg&quot;,&quot;size&quot;:&quot;&quot;,&quot;sizes&quot;:[]},&quot;_transform_skewX_effect_mobile&quot;:{&quot;unit&quot;:&quot;deg&quot;,&quot;size&quot;:&quot;&quot;,&quot;sizes&quot;:[]},&quot;_transform_skewY_effect&quot;:{&quot;unit&quot;:&quot;px&quot;,&quot;size&quot;:&quot;&quot;,&quot;sizes&quot;:[]},&quot;_transform_skewY_effect_tablet&quot;:{&quot;unit&quot;:&quot;deg&quot;,&quot;size&quot;:&quot;&quot;,&quot;sizes&quot;:[]},&quot;_transform_skewY_effect_mobile&quot;:{&quot;unit&quot;:&quot;deg&quot;,&quot;size&quot;:&quot;&quot;,&quot;sizes&quot;:[]}}\" data-widget_type=\"icon-list.default\">\n\t\t\t\t<div class=\"elementor-widget-container\">\n\t\t\t\t\t\t\t<ul class=\"elementor-icon-list-items elementor-inline-items\">\n\t\t\t\t\t\t\t<li class=\"elementor-icon-list-item elementor-inline-item\">\n\t\t\t\t\t\t\t\t\t\t\t<a href=\"https:\/\/www.isolmax.it\/home\/\">\n\n\t\t\t\t\t\t\t\t\t\t\t<span class=\"elementor-icon-list-text\">Home<\/span>\n\t\t\t\t\t\t\t\t\t\t\t<\/a>\n\t\t\t\t\t\t\t\t\t<\/li>\n\t\t\t\t\t\t\t\t<li class=\"elementor-icon-list-item elementor-inline-item\">\n\t\t\t\t\t\t\t\t\t\t\t<span class=\"elementor-icon-list-icon\">\n\t\t\t\t\t\t\t<svg aria-hidden=\"true\" class=\"e-font-icon-svg e-fas-minus\" viewBox=\"0 0 448 512\" xmlns=\"http:\/\/www.w3.org\/2000\/svg\"><path d=\"M416 208H32c-17.67 0-32 14.33-32 32v32c0 17.67 14.33 32 32 32h384c17.67 0 32-14.33 32-32v-32c0-17.67-14.33-32-32-32z\"><\/path><\/svg>\t\t\t\t\t\t<\/span>\n\t\t\t\t\t\t\t\t\t\t<span class=\"elementor-icon-list-text\">Produktion<\/span>\n\t\t\t\t\t\t\t\t\t<\/li>\n\t\t\t\t\t\t<\/ul>\n\t\t\t\t\t\t<\/div>\n\t\t\t\t<\/div>\n\t\t\t\t<div class=\"elementor-element elementor-element-fe76e84 elementor-invisible elementor-widget elementor-widget-heading\" data-id=\"fe76e84\" data-element_type=\"widget\" data-settings=\"{&quot;_animation&quot;:&quot;fadeIn&quot;}\" data-widget_type=\"heading.default\">\n\t\t\t\t<div class=\"elementor-widget-container\">\n\t\t\t\t\t<h2 class=\"elementor-heading-title elementor-size-default\">Produktion<\/h2>\t\t\t\t<\/div>\n\t\t\t\t<\/div>\n\t\t\t\t\t<\/div>\n\t\t\t\t<\/div>\n\t\t\t\t<\/div>\n\t\t<div class=\"elementor-element elementor-element-9861f11 e-flex e-con-boxed wpr-particle-no wpr-jarallax-no wpr-parallax-no wpr-sticky-section-no e-con e-parent\" data-id=\"9861f11\" data-element_type=\"container\">\n\t\t\t\t\t<div class=\"e-con-inner\">\n\t\t<div class=\"elementor-element elementor-element-cebc85c e-con-full e-flex wpr-particle-no wpr-jarallax-no wpr-parallax-no wpr-sticky-section-no e-con e-child\" data-id=\"cebc85c\" data-element_type=\"container\">\n\t\t\t\t<div class=\"elementor-element elementor-element-293d65a elementor-widget elementor-widget-text-editor\" data-id=\"293d65a\" data-element_type=\"widget\" data-widget_type=\"text-editor.default\">\n\t\t\t\t<div class=\"elementor-widget-container\">\n\t\t\t\t\t\t\t\t\t<p><strong>Wir bieten die besten industriellen Dienstleistungen.<\/strong><br \/><strong>\u00dcber <span style=\"color: #ee0d08;\">+35<\/span> Jahre Erfahrung mit globalen Industrien.<\/strong><\/p>\t\t\t\t\t\t\t\t<\/div>\n\t\t\t\t<\/div>\n\t\t\t\t<div class=\"elementor-element elementor-element-0409ad7 elementor-widget elementor-widget-text-editor\" data-id=\"0409ad7\" data-element_type=\"widget\" data-widget_type=\"text-editor.default\">\n\t\t\t\t<div class=\"elementor-widget-container\">\n\t\t\t\t\t\t\t\t\t<p>Enthusiasmus und Leidenschaft sind die treibenden Kr\u00e4fte hinter jedem unserer Projekte. Uns treibt der Wunsch an, etwas zu bewegen, die Erwartungen unserer Kunden zu \u00fcbertreffen und aktiv zur nachhaltigen Entwicklung der Branche beizutragen. Wir glauben an Ideen, die die Welt ver\u00e4ndern, und arbeiten unerm\u00fcdlich daran, sie in die Tat umzusetzen.<\/p>\t\t\t\t\t\t\t\t<\/div>\n\t\t\t\t<\/div>\n\t\t<div class=\"elementor-element elementor-element-105bfdf e-con-full e-flex wpr-particle-no wpr-jarallax-no wpr-parallax-no wpr-sticky-section-no e-con e-child\" data-id=\"105bfdf\" data-element_type=\"container\">\n\t\t<div class=\"elementor-element elementor-element-ea43b3c e-con-full e-flex wpr-particle-no wpr-jarallax-no wpr-parallax-no wpr-sticky-section-no e-con e-child\" data-id=\"ea43b3c\" data-element_type=\"container\">\n\t\t\t\t<div class=\"elementor-element elementor-element-90b617d elementor-widget elementor-widget-counter\" data-id=\"90b617d\" data-element_type=\"widget\" data-widget_type=\"counter.default\">\n\t\t\t\t<div class=\"elementor-widget-container\">\n\t\t\t\t\t\t\t<div class=\"elementor-counter\">\n\t\t\t<div class=\"elementor-counter-title\">aktive Kunden 2024<\/div>\t\t\t<div class=\"elementor-counter-number-wrapper\">\n\t\t\t\t<span class=\"elementor-counter-number-prefix\"><\/span>\n\t\t\t\t<span class=\"elementor-counter-number\" data-duration=\"2000\" data-to-value=\"328\" data-from-value=\"\" data-delimiter=\",\"><\/span>\n\t\t\t\t<span class=\"elementor-counter-number-suffix\">+<\/span>\n\t\t\t<\/div>\n\t\t<\/div>\n\t\t\t\t\t\t<\/div>\n\t\t\t\t<\/div>\n\t\t\t\t<\/div>\n\t\t<div class=\"elementor-element elementor-element-55bfe93 e-con-full e-flex wpr-particle-no wpr-jarallax-no wpr-parallax-no wpr-sticky-section-no e-con e-child\" data-id=\"55bfe93\" data-element_type=\"container\">\n\t\t\t\t<div class=\"elementor-element elementor-element-7b32860 elementor-widget elementor-widget-counter\" data-id=\"7b32860\" data-element_type=\"widget\" data-widget_type=\"counter.default\">\n\t\t\t\t<div class=\"elementor-widget-container\">\n\t\t\t\t\t\t\t<div class=\"elementor-counter\">\n\t\t\t<div class=\"elementor-counter-title\">Anzahl der bearbeiteten Auftr\u00e4ge 2024<\/div>\t\t\t<div class=\"elementor-counter-number-wrapper\">\n\t\t\t\t<span class=\"elementor-counter-number-prefix\"><\/span>\n\t\t\t\t<span class=\"elementor-counter-number\" data-duration=\"2000\" data-to-value=\"2487\" data-from-value=\"\" data-delimiter=\",\"><\/span>\n\t\t\t\t<span class=\"elementor-counter-number-suffix\">+<\/span>\n\t\t\t<\/div>\n\t\t<\/div>\n\t\t\t\t\t\t<\/div>\n\t\t\t\t<\/div>\n\t\t\t\t<\/div>\n\t\t\t\t<\/div>\n\t\t<div class=\"elementor-element elementor-element-2d999e1 e-con-full e-flex wpr-particle-no wpr-jarallax-no wpr-parallax-no wpr-sticky-section-no e-con e-child\" data-id=\"2d999e1\" data-element_type=\"container\">\n\t\t<div class=\"elementor-element elementor-element-09a265a e-con-full e-flex wpr-particle-no wpr-jarallax-no wpr-parallax-no wpr-sticky-section-no e-con e-child\" data-id=\"09a265a\" data-element_type=\"container\">\n\t\t\t\t<div class=\"elementor-element elementor-element-bf8c303 elementor-widget__width-initial elementor-widget elementor-widget-counter\" data-id=\"bf8c303\" data-element_type=\"widget\" data-widget_type=\"counter.default\">\n\t\t\t\t<div class=\"elementor-widget-container\">\n\t\t\t\t\t\t\t<div class=\"elementor-counter\">\n\t\t\t<div class=\"elementor-counter-title\">Bewegte Gegenst\u00e4nde 2024<\/div>\t\t\t<div class=\"elementor-counter-number-wrapper\">\n\t\t\t\t<span class=\"elementor-counter-number-prefix\"><\/span>\n\t\t\t\t<span class=\"elementor-counter-number\" data-duration=\"2000\" data-to-value=\"9348\" data-from-value=\"\" data-delimiter=\",\"><\/span>\n\t\t\t\t<span class=\"elementor-counter-number-suffix\">+<\/span>\n\t\t\t<\/div>\n\t\t<\/div>\n\t\t\t\t\t\t<\/div>\n\t\t\t\t<\/div>\n\t\t\t\t<\/div>\n\t\t<div class=\"elementor-element elementor-element-66358fe e-con-full e-flex wpr-particle-no wpr-jarallax-no wpr-parallax-no wpr-sticky-section-no e-con e-child\" data-id=\"66358fe\" data-element_type=\"container\">\n\t\t\t\t<div class=\"elementor-element elementor-element-339adb3 elementor-widget__width-initial elementor-widget elementor-widget-counter\" data-id=\"339adb3\" data-element_type=\"widget\" data-widget_type=\"counter.default\">\n\t\t\t\t<div class=\"elementor-widget-container\">\n\t\t\t\t\t\t\t<div class=\"elementor-counter\">\n\t\t\t<div class=\"elementor-counter-title\">Produzierte St\u00fcckzahlen 2024<\/div>\t\t\t<div class=\"elementor-counter-number-wrapper\">\n\t\t\t\t<span class=\"elementor-counter-number-prefix\"><\/span>\n\t\t\t\t<span class=\"elementor-counter-number\" data-duration=\"2000\" data-to-value=\"509.234\" data-from-value=\"\" data-delimiter=\",\"><\/span>\n\t\t\t\t<span class=\"elementor-counter-number-suffix\">+<\/span>\n\t\t\t<\/div>\n\t\t<\/div>\n\t\t\t\t\t\t<\/div>\n\t\t\t\t<\/div>\n\t\t\t\t<\/div>\n\t\t\t\t<\/div>\n\t\t\t\t<\/div>\n\t\t<div class=\"elementor-element elementor-element-9953860 e-con-full e-flex wpr-particle-no wpr-jarallax-no wpr-parallax-no wpr-sticky-section-no e-con e-child\" data-id=\"9953860\" data-element_type=\"container\">\n\t\t\t\t<div class=\"elementor-element elementor-element-17d6161 elementor-widget elementor-widget-image\" data-id=\"17d6161\" data-element_type=\"widget\" data-widget_type=\"image.default\">\n\t\t\t\t<div class=\"elementor-widget-container\">\n\t\t\t\t\t\t\t\t\t\t\t\t\t\t\t<img fetchpriority=\"high\" decoding=\"async\" width=\"800\" height=\"800\" src=\"https:\/\/www.isolmax.it\/wp-content\/uploads\/2024\/07\/Tavola-disegno-1-1-1024x1024.png\" class=\"attachment-large size-large wp-image-5648\" alt=\"\" srcset=\"https:\/\/www.isolmax.it\/wp-content\/uploads\/2024\/07\/Tavola-disegno-1-1-1024x1024.png 1024w, https:\/\/www.isolmax.it\/wp-content\/uploads\/2024\/07\/Tavola-disegno-1-1-300x300.png 300w, https:\/\/www.isolmax.it\/wp-content\/uploads\/2024\/07\/Tavola-disegno-1-1-150x150.png 150w, https:\/\/www.isolmax.it\/wp-content\/uploads\/2024\/07\/Tavola-disegno-1-1-768x768.png 768w, https:\/\/www.isolmax.it\/wp-content\/uploads\/2024\/07\/Tavola-disegno-1-1-1536x1536.png 1536w, https:\/\/www.isolmax.it\/wp-content\/uploads\/2024\/07\/Tavola-disegno-1-1-2048x2048.png 2048w\" sizes=\"(max-width: 800px) 100vw, 800px\" \/>\t\t\t\t\t\t\t\t\t\t\t\t\t\t\t<\/div>\n\t\t\t\t<\/div>\n\t\t\t\t<\/div>\n\t\t\t\t\t<\/div>\n\t\t\t\t<\/div>\n\t\t<div class=\"elementor-element elementor-element-1fdf2d2 e-flex e-con-boxed wpr-particle-no wpr-jarallax-no wpr-parallax-no wpr-sticky-section-no e-con e-parent\" data-id=\"1fdf2d2\" data-element_type=\"container\" data-settings=\"{&quot;background_background&quot;:&quot;classic&quot;}\">\n\t\t\t\t\t<div class=\"e-con-inner\">\n\t\t\t\t<div class=\"elementor-element elementor-element-9190aea elementor-widget__width-initial elementor-widget elementor-widget-text-editor\" data-id=\"9190aea\" data-element_type=\"widget\" data-widget_type=\"text-editor.default\">\n\t\t\t\t<div class=\"elementor-widget-container\">\n\t\t\t\t\t\t\t\t\t<p>ISOLMAX steht an der Spitze der industriellen Digitalisierung. Unsere Anlagen sind vollst\u00e4ndig in das Industrie-4.0-Netzwerk integriert, was es dem Isolmax-Team erm\u00f6glicht, Prozesse zu optimieren, die R\u00fcckverfolgbarkeit der Produkte zu verbessern und die betriebliche Effizienz zu steigern. Diese technologische Integration erm\u00f6glicht es uns, flexibel und schnell auf Kundenbed\u00fcrfnisse zu reagieren und gleichzeitig sehr hohe Qualit\u00e4tsstandards einzuhalten.<\/p>\t\t\t\t\t\t\t\t<\/div>\n\t\t\t\t<\/div>\n\t\t\t\t\t<\/div>\n\t\t\t\t<\/div>\n\t\t\t\t<\/div>\n\t\t","protected":false},"excerpt":{"rendered":"<p>Home Wir bieten die besten industriellen Dienstleistungen.\u00dcber +35 Jahre Erfahrung mit globalen Industrien. Enthusiasmus und Leidenschaft sind die treibenden Kr\u00e4fte hinter jedem unserer Projekte. Uns treibt der Wunsch an, etwas zu bewegen, die Erwartungen unserer Kunden zu \u00fcbertreffen und aktiv zur nachhaltigen Entwicklung der Branche beizutragen. Wir glauben an Ideen, die die Welt ver\u00e4ndern, und arbeiten unerm\u00fcdlich daran, sie in die Tat umzusetzen. aktive Kunden 2024 + Anzahl der bearbeiteten Auftr\u00e4ge 2024 + Bewegte Gegenst\u00e4nde 2024 + Produzierte St\u00fcckzahlen 2024 + ISOLMAX steht an der Spitze der industriellen Digitalisierung. Unsere Anlagen sind vollst\u00e4ndig in das Industrie-4.0-Netzwerk integriert, was es dem Isolmax-Team erm\u00f6glicht, Prozesse zu optimieren, die R\u00fcckverfolgbarkeit der Produkte zu verbessern und die betriebliche Effizienz zu steigern. Diese technologische Integration erm\u00f6glicht es uns, flexibel und schnell auf Kundenbed\u00fcrfnisse zu reagieren und gleichzeitig sehr hohe Qualit\u00e4tsstandards einzuhalten.<\/p>\n","protected":false},"author":1,"featured_media":0,"parent":0,"menu_order":0,"comment_status":"closed","ping_status":"closed","template":"","meta":{"footnotes":""},"class_list":["post-5831","page","type-page","status-publish","hentry"],"yoast_head":"<!-- This site is optimized with the Yoast SEO plugin v26.0 - https:\/\/yoast.com\/wordpress\/plugins\/seo\/ -->\n<title>Produktion - isolmax<\/title>\n<meta name=\"robots\" content=\"index, follow, max-snippet:-1, max-image-preview:large, max-video-preview:-1\" \/>\n<link rel=\"canonical\" href=\"https:\/\/www.isolmax.it\/de\/produktion\/\" \/>\n<meta property=\"og:locale\" content=\"de_DE\" \/>\n<meta property=\"og:type\" content=\"article\" \/>\n<meta property=\"og:title\" content=\"Produktion - isolmax\" \/>\n<meta property=\"og:description\" content=\"Home Wir bieten die besten industriellen Dienstleistungen.\u00dcber +35 Jahre Erfahrung mit globalen Industrien. Enthusiasmus und Leidenschaft sind die treibenden Kr\u00e4fte hinter jedem unserer Projekte. Uns treibt der Wunsch an, etwas zu bewegen, die Erwartungen unserer Kunden zu \u00fcbertreffen und aktiv zur nachhaltigen Entwicklung der Branche beizutragen. Wir glauben an Ideen, die die Welt ver\u00e4ndern, und arbeiten unerm\u00fcdlich daran, sie in die Tat umzusetzen. aktive Kunden 2024 + Anzahl der bearbeiteten Auftr\u00e4ge 2024 + Bewegte Gegenst\u00e4nde 2024 + Produzierte St\u00fcckzahlen 2024 + ISOLMAX steht an der Spitze der industriellen Digitalisierung. Unsere Anlagen sind vollst\u00e4ndig in das Industrie-4.0-Netzwerk integriert, was es dem Isolmax-Team erm\u00f6glicht, Prozesse zu optimieren, die R\u00fcckverfolgbarkeit der Produkte zu verbessern und die betriebliche Effizienz zu steigern. Diese technologische Integration erm\u00f6glicht es uns, flexibel und schnell auf Kundenbed\u00fcrfnisse zu reagieren und gleichzeitig sehr hohe Qualit\u00e4tsstandards einzuhalten.\" \/>\n<meta property=\"og:url\" content=\"https:\/\/www.isolmax.it\/de\/produktion\/\" \/>\n<meta property=\"og:site_name\" content=\"isolmax\" \/>\n<meta property=\"article:modified_time\" content=\"2025-08-08T06:49:13+00:00\" \/>\n<meta property=\"og:image\" content=\"https:\/\/www.isolmax.it\/wp-content\/uploads\/2024\/07\/Tavola-disegno-1-1-1024x1024.png\" \/>\n<meta name=\"twitter:card\" content=\"summary_large_image\" \/>\n<meta name=\"twitter:label1\" content=\"Gesch\u00e4tzte Lesezeit\" \/>\n\t<meta name=\"twitter:data1\" content=\"1\u00a0Minute\" \/>\n<script type=\"application\/ld+json\" class=\"yoast-schema-graph\">{\"@context\":\"https:\/\/schema.org\",\"@graph\":[{\"@type\":\"WebPage\",\"@id\":\"https:\/\/www.isolmax.it\/de\/produktion\/\",\"url\":\"https:\/\/www.isolmax.it\/de\/produktion\/\",\"name\":\"Produktion - isolmax\",\"isPartOf\":{\"@id\":\"https:\/\/www.isolmax.it\/#website\"},\"primaryImageOfPage\":{\"@id\":\"https:\/\/www.isolmax.it\/de\/produktion\/#primaryimage\"},\"image\":{\"@id\":\"https:\/\/www.isolmax.it\/de\/produktion\/#primaryimage\"},\"thumbnailUrl\":\"https:\/\/www.isolmax.it\/wp-content\/uploads\/2024\/07\/Tavola-disegno-1-1-1024x1024.png\",\"datePublished\":\"2024-01-22T15:14:52+00:00\",\"dateModified\":\"2025-08-08T06:49:13+00:00\",\"breadcrumb\":{\"@id\":\"https:\/\/www.isolmax.it\/de\/produktion\/#breadcrumb\"},\"inLanguage\":\"de\",\"potentialAction\":[{\"@type\":\"ReadAction\",\"target\":[\"https:\/\/www.isolmax.it\/de\/produktion\/\"]}]},{\"@type\":\"ImageObject\",\"inLanguage\":\"de\",\"@id\":\"https:\/\/www.isolmax.it\/de\/produktion\/#primaryimage\",\"url\":\"https:\/\/www.isolmax.it\/wp-content\/uploads\/2024\/07\/Tavola-disegno-1-1-1024x1024.png\",\"contentUrl\":\"https:\/\/www.isolmax.it\/wp-content\/uploads\/2024\/07\/Tavola-disegno-1-1-1024x1024.png\"},{\"@type\":\"BreadcrumbList\",\"@id\":\"https:\/\/www.isolmax.it\/de\/produktion\/#breadcrumb\",\"itemListElement\":[{\"@type\":\"ListItem\",\"position\":1,\"name\":\"Home\",\"item\":\"https:\/\/www.isolmax.it\/de\/\"},{\"@type\":\"ListItem\",\"position\":2,\"name\":\"Produktion\"}]},{\"@type\":\"WebSite\",\"@id\":\"https:\/\/www.isolmax.it\/#website\",\"url\":\"https:\/\/www.isolmax.it\/\",\"name\":\"isolmax\",\"description\":\"\",\"potentialAction\":[{\"@type\":\"SearchAction\",\"target\":{\"@type\":\"EntryPoint\",\"urlTemplate\":\"https:\/\/www.isolmax.it\/?s={search_term_string}\"},\"query-input\":{\"@type\":\"PropertyValueSpecification\",\"valueRequired\":true,\"valueName\":\"search_term_string\"}}],\"inLanguage\":\"de\"}]}<\/script>\n<!-- \/ Yoast SEO plugin. -->","yoast_head_json":{"title":"Produktion - isolmax","robots":{"index":"index","follow":"follow","max-snippet":"max-snippet:-1","max-image-preview":"max-image-preview:large","max-video-preview":"max-video-preview:-1"},"canonical":"https:\/\/www.isolmax.it\/de\/produktion\/","og_locale":"de_DE","og_type":"article","og_title":"Produktion - isolmax","og_description":"Home Wir bieten die besten industriellen Dienstleistungen.\u00dcber +35 Jahre Erfahrung mit globalen Industrien. Enthusiasmus und Leidenschaft sind die treibenden Kr\u00e4fte hinter jedem unserer Projekte. Uns treibt der Wunsch an, etwas zu bewegen, die Erwartungen unserer Kunden zu \u00fcbertreffen und aktiv zur nachhaltigen Entwicklung der Branche beizutragen. Wir glauben an Ideen, die die Welt ver\u00e4ndern, und arbeiten unerm\u00fcdlich daran, sie in die Tat umzusetzen. aktive Kunden 2024 + Anzahl der bearbeiteten Auftr\u00e4ge 2024 + Bewegte Gegenst\u00e4nde 2024 + Produzierte St\u00fcckzahlen 2024 + ISOLMAX steht an der Spitze der industriellen Digitalisierung. Unsere Anlagen sind vollst\u00e4ndig in das Industrie-4.0-Netzwerk integriert, was es dem Isolmax-Team erm\u00f6glicht, Prozesse zu optimieren, die R\u00fcckverfolgbarkeit der Produkte zu verbessern und die betriebliche Effizienz zu steigern. Diese technologische Integration erm\u00f6glicht es uns, flexibel und schnell auf Kundenbed\u00fcrfnisse zu reagieren und gleichzeitig sehr hohe Qualit\u00e4tsstandards einzuhalten.","og_url":"https:\/\/www.isolmax.it\/de\/produktion\/","og_site_name":"isolmax","article_modified_time":"2025-08-08T06:49:13+00:00","og_image":[{"url":"https:\/\/www.isolmax.it\/wp-content\/uploads\/2024\/07\/Tavola-disegno-1-1-1024x1024.png","type":"","width":"","height":""}],"twitter_card":"summary_large_image","twitter_misc":{"Gesch\u00e4tzte Lesezeit":"1\u00a0Minute"},"schema":{"@context":"https:\/\/schema.org","@graph":[{"@type":"WebPage","@id":"https:\/\/www.isolmax.it\/de\/produktion\/","url":"https:\/\/www.isolmax.it\/de\/produktion\/","name":"Produktion - isolmax","isPartOf":{"@id":"https:\/\/www.isolmax.it\/#website"},"primaryImageOfPage":{"@id":"https:\/\/www.isolmax.it\/de\/produktion\/#primaryimage"},"image":{"@id":"https:\/\/www.isolmax.it\/de\/produktion\/#primaryimage"},"thumbnailUrl":"https:\/\/www.isolmax.it\/wp-content\/uploads\/2024\/07\/Tavola-disegno-1-1-1024x1024.png","datePublished":"2024-01-22T15:14:52+00:00","dateModified":"2025-08-08T06:49:13+00:00","breadcrumb":{"@id":"https:\/\/www.isolmax.it\/de\/produktion\/#breadcrumb"},"inLanguage":"de","potentialAction":[{"@type":"ReadAction","target":["https:\/\/www.isolmax.it\/de\/produktion\/"]}]},{"@type":"ImageObject","inLanguage":"de","@id":"https:\/\/www.isolmax.it\/de\/produktion\/#primaryimage","url":"https:\/\/www.isolmax.it\/wp-content\/uploads\/2024\/07\/Tavola-disegno-1-1-1024x1024.png","contentUrl":"https:\/\/www.isolmax.it\/wp-content\/uploads\/2024\/07\/Tavola-disegno-1-1-1024x1024.png"},{"@type":"BreadcrumbList","@id":"https:\/\/www.isolmax.it\/de\/produktion\/#breadcrumb","itemListElement":[{"@type":"ListItem","position":1,"name":"Home","item":"https:\/\/www.isolmax.it\/de\/"},{"@type":"ListItem","position":2,"name":"Produktion"}]},{"@type":"WebSite","@id":"https:\/\/www.isolmax.it\/#website","url":"https:\/\/www.isolmax.it\/","name":"isolmax","description":"","potentialAction":[{"@type":"SearchAction","target":{"@type":"EntryPoint","urlTemplate":"https:\/\/www.isolmax.it\/?s={search_term_string}"},"query-input":{"@type":"PropertyValueSpecification","valueRequired":true,"valueName":"search_term_string"}}],"inLanguage":"de"}]}},"_links":{"self":[{"href":"https:\/\/www.isolmax.it\/de\/wp-json\/wp\/v2\/pages\/5831","targetHints":{"allow":["GET"]}}],"collection":[{"href":"https:\/\/www.isolmax.it\/de\/wp-json\/wp\/v2\/pages"}],"about":[{"href":"https:\/\/www.isolmax.it\/de\/wp-json\/wp\/v2\/types\/page"}],"author":[{"embeddable":true,"href":"https:\/\/www.isolmax.it\/de\/wp-json\/wp\/v2\/users\/1"}],"replies":[{"embeddable":true,"href":"https:\/\/www.isolmax.it\/de\/wp-json\/wp\/v2\/comments?post=5831"}],"version-history":[{"count":10,"href":"https:\/\/www.isolmax.it\/de\/wp-json\/wp\/v2\/pages\/5831\/revisions"}],"predecessor-version":[{"id":6262,"href":"https:\/\/www.isolmax.it\/de\/wp-json\/wp\/v2\/pages\/5831\/revisions\/6262"}],"wp:attachment":[{"href":"https:\/\/www.isolmax.it\/de\/wp-json\/wp\/v2\/media?parent=5831"}],"curies":[{"name":"wp","href":"https:\/\/api.w.org\/{rel}","templated":true}]}}